{"id":688,"date":"2023-09-17T18:51:00","date_gmt":"2023-09-17T18:51:00","guid":{"rendered":"https:\/\/www2.isep.ipp.pt\/icmasc\/?page_id=688"},"modified":"2024-04-27T17:38:04","modified_gmt":"2024-04-27T17:38:04","slug":"carlos-braumann-2","status":"publish","type":"page","link":"https:\/\/www2.isep.ipp.pt\/icmasc\/?page_id=688","title":{"rendered":"Carlos Braumann"},"content":{"rendered":"\n<figure class=\"wp-block-image size-medium\"><img loading=\"lazy\" decoding=\"async\" width=\"300\" height=\"300\" src=\"https:\/\/www2.isep.ipp.pt\/icmasc\/wp-content\/uploads\/2023\/07\/Carlos-Braumann-300x300.jpg\" alt=\"\" class=\"wp-image-153\" srcset=\"https:\/\/www2.isep.ipp.pt\/icmasc\/wp-content\/uploads\/2023\/07\/Carlos-Braumann-300x300.jpg 300w, https:\/\/www2.isep.ipp.pt\/icmasc\/wp-content\/uploads\/2023\/07\/Carlos-Braumann-150x150.jpg 150w, https:\/\/www2.isep.ipp.pt\/icmasc\/wp-content\/uploads\/2023\/07\/Carlos-Braumann-470x470.jpg 470w, https:\/\/www2.isep.ipp.pt\/icmasc\/wp-content\/uploads\/2023\/07\/Carlos-Braumann.jpg 512w\" sizes=\"auto, (max-width: 300px) 100vw, 300px\" \/><figcaption class=\"wp-element-caption\">University of \u00c9vora, Portugal<\/figcaption><\/figure>\n\n\n\n<p><span class=\"dig-Theme dig-Theme--bright dig-Mode--bright In-Theme-Provider\" style=\"display: contents;\"><strong>Title: <\/strong>General stochastic differential equation models for population growth and harvesting in random environments: Sustainability, optimization and impact of Allee effects<\/span><\/p>\n\n\n\n<p><strong>Joint work with<\/strong>: Clara Carlos and Nuno M. Brites<\/p>\n\n\n\n<p><strong>Abstract: <\/strong>We consider autonomous stochastic differential equation models, one without Allee effects and another with Allee effects, for the growth of a harvested population living in a randomly varying environment, even an environment with density-dependent noise intensities. These models are very general, satisfying only mild regularity assumptions and qualitative biologically driven assumptions, so that the conditions we obtain for population extinction and for the existence of a stochastic equilibrium are robust with respect to model choice. We use It\u00f4 calculus but will mention our results on its equivalence to Stratonovich calculus if one takes into account the different physical meaning of the average rates used.<br>For both calculi and for both cases of absence and presence of Allee effects, we show that, if the per capita net growth rate (difference between the geometric average natural growth rate and the harvesting mortality rate) is positive when population size is very small, there is a stochastic equilibriumwith a stationary density. If, however, that rate is negative (overharvesting), the population becomes extinct. The results for Allee effects models are new and extend previous results of members of this team for non-harvested population models and for constant effort particular harvesting models.<br>We then look at the case of constant harvesting effort and constant noise intensity for specific comparable models, namely the logistic (without Allee effects) and the logistic-like Allee effects models, including expressions for stationary densities and expected sustainable profits and yields. We assess the impact of Allee effects by comparing the two models and their optimal profits and yields for the Pacific halibut data.<\/p>\n\n\n\n<p><strong>Bio: <\/strong>Professor Carlos A. Braumann is Emeritus Professor at the Department of Mathematics of the University of \u00c9vora (Portugal), elected member of the International Statistical Institute, Honorary Member and 2019 Career Award holder of the Portuguese Statistical Society (SPE) and former President of ESMTB (European Society for Mathematical and Theoretical Biology) and of SPE. He is working on stochastic differential equation models applied to biological phenomena occurring in randomly varying environments, area in which he recently authored a Wiley book. <\/p>\n\n\n\n<p><strong>Acknowledgements:<\/strong>&nbsp;C. A. Braumann (Departamento de Matem\u00e1tica, Escola de Ci\u00eancias e Tecnologia, Universidade de \u00c9vora) and C. Carlos (Escola Superior de Tecnologia do Barreiro, Instituto Polit\u00e9cnico de Set\u00fabal) are members of the Centro de Investiga\u00e7\u00e3o em Matem\u00e1tica e Aplica\u00e7\u00f5es, Instituto de Investiga\u00e7\u00e3o e Forma\u00e7\u00e3o Avan\u00e7ada, Universidade de \u00c9vora, supported by the Funda\u00e7\u00e3o para a Ci\u00eancia e a Tecnologia (FCT), Project UID\/04674\/2020,&nbsp;<a href=\"https:\/\/doi.org\/10.54499\/UIDB\/04674\/2020\" target=\"_blank\" rel=\"noreferrer noopener\">https:\/\/doi.org\/10.54499\/UIDB\/04674\/2020<\/a>. N.M. Brites (ISEG\/UL &#8211; Universidade de Lisboa, Department of Mathematics &amp; REM &#8211; Research in Economics and Mathematics, CEMAPRE) was partially funded by FCT, Project CEMAPRE\/REM &#8211; UIDB\/05069\/2020, through national funds.<\/p>\n\n\n\n<p><strong><a href=\"https:\/\/www2.isep.ipp.pt\/icmasc\/?page_id=239\" data-type=\"link\" data-id=\"https:\/\/www2.isep.ipp.pt\/icmasc\/?page_id=239\">&lt;&lt; BACK<\/a><\/strong><\/p>\n","protected":false},"excerpt":{"rendered":"<p>Title: General stochastic differential equation models for population growth and harvesting in random environments: Sustainability, optimization and impact of Allee effects Joint work with: Clara Carlos and Nuno M. Brites Abstract: We consider autonomous stochastic differential equation models, one without Allee effects and another with Allee effects, for the growth of a harvested population living &hellip; <\/p>\n","protected":false},"author":2,"featured_media":0,"parent":239,"menu_order":0,"comment_status":"closed","ping_status":"closed","template":"","meta":{"footnotes":""},"class_list":["post-688","page","type-page","status-publish","hentry"],"_links":{"self":[{"href":"https:\/\/www2.isep.ipp.pt\/icmasc\/index.php?rest_route=\/wp\/v2\/pages\/688","targetHints":{"allow":["GET"]}}],"collection":[{"href":"https:\/\/www2.isep.ipp.pt\/icmasc\/index.php?rest_route=\/wp\/v2\/pages"}],"about":[{"href":"https:\/\/www2.isep.ipp.pt\/icmasc\/index.php?rest_route=\/wp\/v2\/types\/page"}],"author":[{"embeddable":true,"href":"https:\/\/www2.isep.ipp.pt\/icmasc\/index.php?rest_route=\/wp\/v2\/users\/2"}],"replies":[{"embeddable":true,"href":"https:\/\/www2.isep.ipp.pt\/icmasc\/index.php?rest_route=%2Fwp%2Fv2%2Fcomments&post=688"}],"version-history":[{"count":10,"href":"https:\/\/www2.isep.ipp.pt\/icmasc\/index.php?rest_route=\/wp\/v2\/pages\/688\/revisions"}],"predecessor-version":[{"id":1113,"href":"https:\/\/www2.isep.ipp.pt\/icmasc\/index.php?rest_route=\/wp\/v2\/pages\/688\/revisions\/1113"}],"up":[{"embeddable":true,"href":"https:\/\/www2.isep.ipp.pt\/icmasc\/index.php?rest_route=\/wp\/v2\/pages\/239"}],"wp:attachment":[{"href":"https:\/\/www2.isep.ipp.pt\/icmasc\/index.php?rest_route=%2Fwp%2Fv2%2Fmedia&parent=688"}],"curies":[{"name":"wp","href":"https:\/\/api.w.org\/{rel}","templated":true}]}}