{"id":194,"date":"2023-08-03T10:32:41","date_gmt":"2023-08-03T10:32:41","guid":{"rendered":"https:\/\/www2.isep.ipp.pt\/icmasc\/?page_id=194"},"modified":"2023-08-13T19:46:20","modified_gmt":"2023-08-13T19:46:20","slug":"how-to-get-to-isep","status":"publish","type":"page","link":"https:\/\/www2.isep.ipp.pt\/icmasc\/?page_id=194","title":{"rendered":"How to get to ISEP"},"content":{"rendered":"\n<p>ISEP is easily accessed by public transportation. The Campus is just across the IPO subway station (yellow line). Several buses serve ISEP, namely buses 300, 301, 603 and 803.<\/p>\n\n\n\n<p>By <a href=\"https:\/\/mapa-metro.com\/en\/Portugal\/Oporto\/Oporto-Metro-map.htm\">Metro<\/a><\/p>\n\n\n\n<p>&#8211; Take the yellow line. It takes approximately <a href=\"https:\/\/en.metrodoporto.pt\/pages\/391\">12 minutes from the city center<\/a>.<\/p>\n\n\n\n<p>BY <a href=\"https:\/\/www.cp.pt\/passageiros\/en\">TRAIN<\/a><\/p>\n\n\n\n<p>&#8211; Go to Esta\u00e7\u00e3o de Campanh\u00e3 or S. Bento and then take the Metro or a bus to ISEP.<\/p>\n\n\n\n<p>BY <a href=\"https:\/\/www.google.com\/maps\/dir\/41.1794269,-8.6055423\/ISEP+-+Instituto+Superior+de+Engenharia+do+Porto,+R.+Dr.+Ant%C3%B3nio+Bernardino+de+Almeida+431,+4200-072+Porto\/@41.1781861,-8.6248958,14z\/data=!4m10!4m9!1m1!4e1!1m5!1m1!1s0xd246449b419e1c1:0x16a6fd2fcace4efe!2m2!1d-8.6077342!2d41.1787497!3e0\">CAR<\/a><\/p>\n\n\n\n<p>&#8211; ISEP is close to the access of the A3 highway.<\/p>\n\n\n\n<p>By <a href=\"https:\/\/www.aeroportoporto.pt\/en\/opo\/home\">PLANE<\/a><\/p>\n\n\n\n<p>&#8211; You can take a taxi or <a href=\"https:\/\/en.metrodoporto.pt\/frontoffice\/pages\/391\">metro<\/a> to come to ISEP.<\/p>\n\n\n\n<p>More information <a href=\"https:\/\/www.isep.ipp.pt\/ISEP\/Location\">here<\/a><\/p>\n\n\n\n<figure class=\"wp-block-image size-full\"><img loading=\"lazy\" decoding=\"async\" width=\"750\" height=\"763\" src=\"https:\/\/www2.isep.ipp.pt\/icmasc\/wp-content\/uploads\/2023\/08\/LOCALIZACAO_ISEP_750px-1.png\" alt=\"\" class=\"wp-image-376\" srcset=\"https:\/\/www2.isep.ipp.pt\/icmasc\/wp-content\/uploads\/2023\/08\/LOCALIZACAO_ISEP_750px-1.png 750w, https:\/\/www2.isep.ipp.pt\/icmasc\/wp-content\/uploads\/2023\/08\/LOCALIZACAO_ISEP_750px-1-295x300.png 295w\" sizes=\"auto, (max-width: 750px) 100vw, 750px\" \/><\/figure>\n","protected":false},"excerpt":{"rendered":"<p>ISEP is easily accessed by public transportation. The Campus is just across the IPO subway station (yellow line). Several buses serve ISEP, namely buses 300, 301, 603 and 803. By Metro &#8211; Take the yellow line. It takes approximately 12 minutes from the city center. BY TRAIN &#8211; Go to Esta\u00e7\u00e3o de Campanh\u00e3 or S. &hellip; <\/p>\n","protected":false},"author":2,"featured_media":0,"parent":0,"menu_order":0,"comment_status":"closed","ping_status":"closed","template":"","meta":{"footnotes":""},"class_list":["post-194","page","type-page","status-publish","hentry"],"_links":{"self":[{"href":"https:\/\/www2.isep.ipp.pt\/icmasc\/index.php?rest_route=\/wp\/v2\/pages\/194","targetHints":{"allow":["GET"]}}],"collection":[{"href":"https:\/\/www2.isep.ipp.pt\/icmasc\/index.php?rest_route=\/wp\/v2\/pages"}],"about":[{"href":"https:\/\/www2.isep.ipp.pt\/icmasc\/index.php?rest_route=\/wp\/v2\/types\/page"}],"author":[{"embeddable":true,"href":"https:\/\/www2.isep.ipp.pt\/icmasc\/index.php?rest_route=\/wp\/v2\/users\/2"}],"replies":[{"embeddable":true,"href":"https:\/\/www2.isep.ipp.pt\/icmasc\/index.php?rest_route=%2Fwp%2Fv2%2Fcomments&post=194"}],"version-history":[{"count":3,"href":"https:\/\/www2.isep.ipp.pt\/icmasc\/index.php?rest_route=\/wp\/v2\/pages\/194\/revisions"}],"predecessor-version":[{"id":378,"href":"https:\/\/www2.isep.ipp.pt\/icmasc\/index.php?rest_route=\/wp\/v2\/pages\/194\/revisions\/378"}],"wp:attachment":[{"href":"https:\/\/www2.isep.ipp.pt\/icmasc\/index.php?rest_route=%2Fwp%2Fv2%2Fmedia&parent=194"}],"curies":[{"name":"wp","href":"https:\/\/api.w.org\/{rel}","templated":true}]}}